{"id":8,"date":"2024-07-22T12:02:12","date_gmt":"2024-07-22T10:02:12","guid":{"rendered":"http:\/\/malaurymceramique.fr\/?page_id=8"},"modified":"2025-11-03T14:23:29","modified_gmt":"2025-11-03T13:23:29","slug":"il-etait-une-fois","status":"publish","type":"page","link":"https:\/\/malaurymceramique.fr\/en\/il-etait-une-fois\/","title":{"rendered":"Once Upon a Time"},"content":{"rendered":"<div class=\"wp-block-media-text is-stacked-on-mobile is-vertically-aligned-top\" style=\"line-height:1.5;grid-template-columns:18% auto\"><figure class=\"wp-block-media-text__media\"><img loading=\"lazy\" decoding=\"async\" width=\"280\" height=\"1447\" src=\"http:\/\/malaurymceramique.fr\/wp-content\/uploads\/2024\/07\/photomaton-malaury-m-sculptrice-ceramiste.png\" alt=\"Malaury M C\u00e9ramiste en cir\u00e9 jaune en lunnettes de coeur rouges.\" class=\"wp-image-11 size-full\" srcset=\"https:\/\/malaurymceramique.fr\/wp-content\/uploads\/2024\/07\/photomaton-malaury-m-sculptrice-ceramiste.png 280w, https:\/\/malaurymceramique.fr\/wp-content\/uploads\/2024\/07\/photomaton-malaury-m-sculptrice-ceramiste-58x300.png 58w, https:\/\/malaurymceramique.fr\/wp-content\/uploads\/2024\/07\/photomaton-malaury-m-sculptrice-ceramiste-198x1024.png 198w\" sizes=\"auto, (max-width: 280px) 100vw, 280px\" \/><\/figure><div class=\"wp-block-media-text__content\">\n<h2 class=\"wp-block-heading has-text-align-left\">Charming the material<\/h2>\n\n\n\n<p class=\"has-inter-font-family\" style=\"padding-right:1px;padding-left:1px;line-height:1.5\">Whatever her age, it seems that at 6 months Malaury Monnier was already modeling his parents' cheeks,<br>Whatever that of his 2 children, bottle-fed with Fimo paste and 4-color pen,<br>Whatever the fashion of the moment,<br>and actually despite his young age, Malaury has experienced 2 centuries and has already crossed 4 decades, or even its latitude!<br><br>It is said that she lived south of the Loire and also in another Celtic country\u2026<br>In short, Malaury Monnier has never stopped working on the material.<br>Modeling, painting, linocut, sculpture, drawing, Malaury's fingers delight in each technique to share with us his tenderly amused gaze.<br>In one life she created contemporary jewelry in gold and silver, in another she designed one-of-a-kind clothing.<br><br>Unique, here is a word that sticks to her because repetition or reproduction does not interest her. Inspiration yes! The world of Lewis Caroll and Tim Burton are never far away. Neither does the seaside atmosphere of his native Brittany.<br>Today, as a link between her imagination and our curiosity, Malaury has chosen the earth.<br><br>Showing the imagination that ran through him day and night is indeed a kind of obsession, but not just any obsession...<br>Thanks to her highly developed senses, she is capable of capturing the slightest sound, the most discreet look, the finest smell, the funniest expressions to reveal in the following moments a singular character, an extraordinary being... and yet so familiar!<br><br>As if she came to touch this part of childhood in us, this kind of joy that is a little hidden, and yet very much there in us.<\/p>\n\n\n\n<h2 class=\"wp-block-heading has-roboto-condensed-font-family\">Exhibitions<\/h2>\n\n\n\n<ul class=\"wp-block-list\">\n<li><strong>Expositions \u00e0 venir <\/strong>:<\/li>\n\n\n\n<li>Galerie Stal Arzou \u00e0 S\u00e9n\u00e9 du 26 Novembre 2025 au 10 Janvier 2026<\/li>\n\n\n\n<li>Salon d&rsquo;art de Guiliers du 25 Avril au 3 mai 2026<\/li>\n<\/ul>\n\n\n\n<p><\/p>\n\n\n\n<ul class=\"wp-block-list\">\n<li>F\u00eate des lises \u00e0 St Jean la poterie le 28 Septembre 2025<\/li>\n\n\n\n<li>F\u00eate des arts les 13 et 14 Septembre 2025 salle BREHAT \u00e0 Crevin<\/li>\n\n\n\n<li>Galerie Submersion \u00e0 St Malo du 25 au 31 Ao\u00fbt 2025<\/li>\n\n\n\n<li>Limerz&rsquo;Art dans les chapelles les 24 et 25 Mai 2025 \u00e0 Limerzel<\/li>\n\n\n\n<li>H\u00f4tel Le Magic Hall \u00e0 Rennes du 1er Juin au 31 Juillet 2025Librairie \u00ab\u00a0Les Enfants de Lubellune\u00a0\u00bb \u00e0 Redon Octobre 2024<\/li>\n\n\n\n<li>Soir\u00e9e d&rsquo;ouverture de saison au Canal Th\u00e9\u00e2tre \u00e0 Redon Septembre 2024<\/li>\n\n\n\n<li>Monts\u2019ARTS\u2019ac Festival in S\u00e9n\u00e9 from July 19 to 21, 2024<\/li>\n\n\n\n<li>Stal Arzou Gallery in S\u00e9n\u00e9 from February 24 to May 24, 2024<\/li>\n\n\n\n<li>Saint Jean La Poterie Christmas Potters Market on December 17, 2023<\/li>\n\n\n\n<li>Art takes over the chapels in S\u00e9rent September 16 and 17, 2023<\/li>\n<\/ul>\n<\/div><\/div>","protected":false},"excerpt":{"rendered":"","protected":false},"author":2,"featured_media":0,"parent":0,"menu_order":0,"comment_status":"closed","ping_status":"closed","template":"","meta":{"footnotes":""},"class_list":["post-8","page","type-page","status-publish","hentry"],"yoast_head":"<!-- This site is optimized with the Yoast SEO plugin v27.3 - https:\/\/yoast.com\/product\/yoast-seo-wordpress\/ -->\n<title>Il \u00e9tait une fois... - Malaury M.<\/title>\n<meta name=\"description\" content=\"Modelage, sculpture, dessin, les doigts de Malaury M. se d\u00e9lectent de chaque technique pour partager avec nous son regard tendrement amus\u00e9.\" \/>\n<meta name=\"robots\" content=\"index, follow, max-snippet:-1, max-image-preview:large, max-video-preview:-1\" \/>\n<link rel=\"canonical\" href=\"https:\/\/malaurymceramique.fr\/en\/il-etait-une-fois\/\" \/>\n<meta property=\"og:locale\" content=\"en_GB\" \/>\n<meta property=\"og:type\" content=\"article\" \/>\n<meta property=\"og:title\" content=\"Il \u00e9tait une fois... - Malaury M.\" \/>\n<meta property=\"og:description\" content=\"Modelage, sculpture, dessin, les doigts de Malaury M. se d\u00e9lectent de chaque technique pour partager avec nous son regard tendrement amus\u00e9.\" \/>\n<meta property=\"og:url\" content=\"https:\/\/malaurymceramique.fr\/en\/il-etait-une-fois\/\" \/>\n<meta property=\"og:site_name\" content=\"Malaury M.\" \/>\n<meta property=\"article:modified_time\" content=\"2025-11-03T13:23:29+00:00\" \/>\n<meta property=\"og:image\" content=\"https:\/\/malaurymceramique.fr\/wp-content\/uploads\/2024\/07\/photomaton-malaury-m-sculptrice-ceramiste.png\" \/>\n\t<meta property=\"og:image:width\" content=\"280\" \/>\n\t<meta property=\"og:image:height\" content=\"1447\" \/>\n\t<meta property=\"og:image:type\" content=\"image\/png\" \/>\n<meta name=\"twitter:card\" content=\"summary_large_image\" \/>\n<meta name=\"twitter:label1\" content=\"Estimated reading time\" \/>\n\t<meta name=\"twitter:data1\" content=\"3 minutes\" \/>\n<script type=\"application\/ld+json\" class=\"yoast-schema-graph\">{\"@context\":\"https:\\\/\\\/schema.org\",\"@graph\":[{\"@type\":\"WebPage\",\"@id\":\"https:\\\/\\\/malaurymceramique.fr\\\/il-etait-une-fois\\\/\",\"url\":\"https:\\\/\\\/malaurymceramique.fr\\\/il-etait-une-fois\\\/\",\"name\":\"Il \u00e9tait une fois... - Malaury M.\",\"isPartOf\":{\"@id\":\"https:\\\/\\\/malaurymceramique.fr\\\/#website\"},\"primaryImageOfPage\":{\"@id\":\"https:\\\/\\\/malaurymceramique.fr\\\/il-etait-une-fois\\\/#primaryimage\"},\"image\":{\"@id\":\"https:\\\/\\\/malaurymceramique.fr\\\/il-etait-une-fois\\\/#primaryimage\"},\"thumbnailUrl\":\"http:\\\/\\\/malaurymceramique.fr\\\/wp-content\\\/uploads\\\/2024\\\/07\\\/photomaton-malaury-m-sculptrice-ceramiste.png\",\"datePublished\":\"2024-07-22T10:02:12+00:00\",\"dateModified\":\"2025-11-03T13:23:29+00:00\",\"description\":\"Modelage, sculpture, dessin, les doigts de Malaury M. se d\u00e9lectent de chaque technique pour partager avec nous son regard tendrement amus\u00e9.\",\"breadcrumb\":{\"@id\":\"https:\\\/\\\/malaurymceramique.fr\\\/il-etait-une-fois\\\/#breadcrumb\"},\"inLanguage\":\"en-GB\",\"potentialAction\":[{\"@type\":\"ReadAction\",\"target\":[\"https:\\\/\\\/malaurymceramique.fr\\\/il-etait-une-fois\\\/\"]}]},{\"@type\":\"ImageObject\",\"inLanguage\":\"en-GB\",\"@id\":\"https:\\\/\\\/malaurymceramique.fr\\\/il-etait-une-fois\\\/#primaryimage\",\"url\":\"http:\\\/\\\/malaurymceramique.fr\\\/wp-content\\\/uploads\\\/2024\\\/07\\\/photomaton-malaury-m-sculptrice-ceramiste.png\",\"contentUrl\":\"http:\\\/\\\/malaurymceramique.fr\\\/wp-content\\\/uploads\\\/2024\\\/07\\\/photomaton-malaury-m-sculptrice-ceramiste.png\"},{\"@type\":\"BreadcrumbList\",\"@id\":\"https:\\\/\\\/malaurymceramique.fr\\\/il-etait-une-fois\\\/#breadcrumb\",\"itemListElement\":[{\"@type\":\"ListItem\",\"position\":1,\"name\":\"Accueil\",\"item\":\"https:\\\/\\\/malaurymceramique.fr\\\/\"},{\"@type\":\"ListItem\",\"position\":2,\"name\":\"Il \u00e9tait une fois&#8230;\"}]},{\"@type\":\"WebSite\",\"@id\":\"https:\\\/\\\/malaurymceramique.fr\\\/#website\",\"url\":\"https:\\\/\\\/malaurymceramique.fr\\\/\",\"name\":\"Malaury M. Sculptrice C\u00e9ramiste\",\"description\":\"Sculptrice C\u00e9ramiste\",\"publisher\":{\"@id\":\"https:\\\/\\\/malaurymceramique.fr\\\/#\\\/schema\\\/person\\\/77a9aa8ef394d5d4686ba8e369ef6015\"},\"alternateName\":\"Malaury M.\",\"potentialAction\":[{\"@type\":\"SearchAction\",\"target\":{\"@type\":\"EntryPoint\",\"urlTemplate\":\"https:\\\/\\\/malaurymceramique.fr\\\/?s={search_term_string}\"},\"query-input\":{\"@type\":\"PropertyValueSpecification\",\"valueRequired\":true,\"valueName\":\"search_term_string\"}}],\"inLanguage\":\"en-GB\"},{\"@type\":[\"Person\",\"Organization\"],\"@id\":\"https:\\\/\\\/malaurymceramique.fr\\\/#\\\/schema\\\/person\\\/77a9aa8ef394d5d4686ba8e369ef6015\",\"name\":\"Malaury M\",\"image\":{\"@type\":\"ImageObject\",\"inLanguage\":\"en-GB\",\"@id\":\"https:\\\/\\\/malaurymceramique.fr\\\/wp-content\\\/uploads\\\/2024\\\/07\\\/logo-site-malaury-m.png\",\"url\":\"https:\\\/\\\/malaurymceramique.fr\\\/wp-content\\\/uploads\\\/2024\\\/07\\\/logo-site-malaury-m.png\",\"contentUrl\":\"https:\\\/\\\/malaurymceramique.fr\\\/wp-content\\\/uploads\\\/2024\\\/07\\\/logo-site-malaury-m.png\",\"width\":753,\"height\":603,\"caption\":\"Malaury M\"},\"logo\":{\"@id\":\"https:\\\/\\\/malaurymceramique.fr\\\/wp-content\\\/uploads\\\/2024\\\/07\\\/logo-site-malaury-m.png\"},\"description\":\"Malaury Monnier n\u2019a jamais cess\u00e9 de travailler la mati\u00e8re. Modelage, peinture, linogravure, sculpture, dessin, les doigts de Malaury se d\u00e9lectent de chaque technique pour partager avec nous son regard tendrement amus\u00e9. Aujourd\u2019hui, comme trait d\u2019union entre son imaginaire et notre curiosit\u00e9, Malaury a choisi la terre, et se pr\u00e9sente comme sculptrice c\u00e9ramiste\",\"sameAs\":[\"http:\\\/\\\/malaurymceramique.fr\",\"https:\\\/\\\/www.instagram.com\\\/malaury_monnier\\\/\"]}]}<\/script>\n<!-- \/ Yoast SEO plugin. -->","yoast_head_json":{"title":"Il \u00e9tait une fois... - Malaury M.","description":"Modelage, sculpture, dessin, les doigts de Malaury M. se d\u00e9lectent de chaque technique pour partager avec nous son regard tendrement amus\u00e9.","robots":{"index":"index","follow":"follow","max-snippet":"max-snippet:-1","max-image-preview":"max-image-preview:large","max-video-preview":"max-video-preview:-1"},"canonical":"https:\/\/malaurymceramique.fr\/en\/il-etait-une-fois\/","og_locale":"en_GB","og_type":"article","og_title":"Il \u00e9tait une fois... - Malaury M.","og_description":"Modelage, sculpture, dessin, les doigts de Malaury M. se d\u00e9lectent de chaque technique pour partager avec nous son regard tendrement amus\u00e9.","og_url":"https:\/\/malaurymceramique.fr\/en\/il-etait-une-fois\/","og_site_name":"Malaury M.","article_modified_time":"2025-11-03T13:23:29+00:00","og_image":[{"width":280,"height":1447,"url":"https:\/\/malaurymceramique.fr\/wp-content\/uploads\/2024\/07\/photomaton-malaury-m-sculptrice-ceramiste.png","type":"image\/png"}],"twitter_card":"summary_large_image","twitter_misc":{"Estimated reading time":"3 minutes"},"schema":{"@context":"https:\/\/schema.org","@graph":[{"@type":"WebPage","@id":"https:\/\/malaurymceramique.fr\/il-etait-une-fois\/","url":"https:\/\/malaurymceramique.fr\/il-etait-une-fois\/","name":"Il \u00e9tait une fois... - Malaury M.","isPartOf":{"@id":"https:\/\/malaurymceramique.fr\/#website"},"primaryImageOfPage":{"@id":"https:\/\/malaurymceramique.fr\/il-etait-une-fois\/#primaryimage"},"image":{"@id":"https:\/\/malaurymceramique.fr\/il-etait-une-fois\/#primaryimage"},"thumbnailUrl":"http:\/\/malaurymceramique.fr\/wp-content\/uploads\/2024\/07\/photomaton-malaury-m-sculptrice-ceramiste.png","datePublished":"2024-07-22T10:02:12+00:00","dateModified":"2025-11-03T13:23:29+00:00","description":"Modelage, sculpture, dessin, les doigts de Malaury M. se d\u00e9lectent de chaque technique pour partager avec nous son regard tendrement amus\u00e9.","breadcrumb":{"@id":"https:\/\/malaurymceramique.fr\/il-etait-une-fois\/#breadcrumb"},"inLanguage":"en-GB","potentialAction":[{"@type":"ReadAction","target":["https:\/\/malaurymceramique.fr\/il-etait-une-fois\/"]}]},{"@type":"ImageObject","inLanguage":"en-GB","@id":"https:\/\/malaurymceramique.fr\/il-etait-une-fois\/#primaryimage","url":"http:\/\/malaurymceramique.fr\/wp-content\/uploads\/2024\/07\/photomaton-malaury-m-sculptrice-ceramiste.png","contentUrl":"http:\/\/malaurymceramique.fr\/wp-content\/uploads\/2024\/07\/photomaton-malaury-m-sculptrice-ceramiste.png"},{"@type":"BreadcrumbList","@id":"https:\/\/malaurymceramique.fr\/il-etait-une-fois\/#breadcrumb","itemListElement":[{"@type":"ListItem","position":1,"name":"Accueil","item":"https:\/\/malaurymceramique.fr\/"},{"@type":"ListItem","position":2,"name":"Il \u00e9tait une fois&#8230;"}]},{"@type":"WebSite","@id":"https:\/\/malaurymceramique.fr\/#website","url":"https:\/\/malaurymceramique.fr\/","name":"Malaury M. Sculptrice C\u00e9ramiste","description":"Sculptor Ceramist","publisher":{"@id":"https:\/\/malaurymceramique.fr\/#\/schema\/person\/77a9aa8ef394d5d4686ba8e369ef6015"},"alternateName":"Malaury M.","potentialAction":[{"@type":"SearchAction","target":{"@type":"EntryPoint","urlTemplate":"https:\/\/malaurymceramique.fr\/?s={search_term_string}"},"query-input":{"@type":"PropertyValueSpecification","valueRequired":true,"valueName":"search_term_string"}}],"inLanguage":"en-GB"},{"@type":["Person","Organization"],"@id":"https:\/\/malaurymceramique.fr\/#\/schema\/person\/77a9aa8ef394d5d4686ba8e369ef6015","name":"Malaury M","image":{"@type":"ImageObject","inLanguage":"en-GB","@id":"https:\/\/malaurymceramique.fr\/wp-content\/uploads\/2024\/07\/logo-site-malaury-m.png","url":"https:\/\/malaurymceramique.fr\/wp-content\/uploads\/2024\/07\/logo-site-malaury-m.png","contentUrl":"https:\/\/malaurymceramique.fr\/wp-content\/uploads\/2024\/07\/logo-site-malaury-m.png","width":753,"height":603,"caption":"Malaury M"},"logo":{"@id":"https:\/\/malaurymceramique.fr\/wp-content\/uploads\/2024\/07\/logo-site-malaury-m.png"},"description":"Malaury Monnier n\u2019a jamais cess\u00e9 de travailler la mati\u00e8re. Modelage, peinture, linogravure, sculpture, dessin, les doigts de Malaury se d\u00e9lectent de chaque technique pour partager avec nous son regard tendrement amus\u00e9. Aujourd\u2019hui, comme trait d\u2019union entre son imaginaire et notre curiosit\u00e9, Malaury a choisi la terre, et se pr\u00e9sente comme sculptrice c\u00e9ramiste","sameAs":["http:\/\/malaurymceramique.fr","https:\/\/www.instagram.com\/malaury_monnier\/"]}]}},"_links":{"self":[{"href":"https:\/\/malaurymceramique.fr\/en\/wp-json\/wp\/v2\/pages\/8","targetHints":{"allow":["GET"]}}],"collection":[{"href":"https:\/\/malaurymceramique.fr\/en\/wp-json\/wp\/v2\/pages"}],"about":[{"href":"https:\/\/malaurymceramique.fr\/en\/wp-json\/wp\/v2\/types\/page"}],"author":[{"embeddable":true,"href":"https:\/\/malaurymceramique.fr\/en\/wp-json\/wp\/v2\/users\/2"}],"replies":[{"embeddable":true,"href":"https:\/\/malaurymceramique.fr\/en\/wp-json\/wp\/v2\/comments?post=8"}],"version-history":[{"count":40,"href":"https:\/\/malaurymceramique.fr\/en\/wp-json\/wp\/v2\/pages\/8\/revisions"}],"predecessor-version":[{"id":1312,"href":"https:\/\/malaurymceramique.fr\/en\/wp-json\/wp\/v2\/pages\/8\/revisions\/1312"}],"wp:attachment":[{"href":"https:\/\/malaurymceramique.fr\/en\/wp-json\/wp\/v2\/media?parent=8"}],"curies":[{"name":"wp","href":"https:\/\/api.w.org\/{rel}","templated":true}]}}